{"id":103,"date":"2017-03-23T07:36:29","date_gmt":"2017-03-23T07:36:29","guid":{"rendered":"http:\/\/demo.awethemes.com\/fleurdesel\/?page_id=103"},"modified":"2024-09-05T09:06:13","modified_gmt":"2024-09-05T09:06:13","slug":"despre-noi","status":"publish","type":"page","link":"https:\/\/casadelsole.com.ro\/?page_id=103","title":{"rendered":"Despre noi"},"content":{"rendered":"<p>[vc_section full_width=&#8221;stretch_row&#8221; css=&#8221;.vc_custom_1648327084608{padding-bottom: 150px !important;background-position: 0 0 !important;background-repeat: no-repeat !important;}&#8221;][vc_row css=&#8221;.vc_custom_1499766293424{margin-top: 120px !important;padding-bottom: 70px !important;}&#8221;][vc_column offset=&#8221;vc_col-lg-offset-2 vc_col-lg-8 vc_col-md-offset-2 vc_col-md-8&#8243;][fleurdesel_heading title_size=&#8221;Default&#8221; align=&#8221;center&#8221; title=&#8221;Din pasiune pentru ospitalitate!&#8221; subtitle=&#8221;Povestea Casa Del Sole Alba Iulia&#8221;][\/vc_column][\/vc_row][vc_row][vc_column offset=&#8221;vc_col-lg-offset-1 vc_col-lg-4 vc_col-md-offset-1 vc_col-md-4&#8243;][fleurdesel_iconbox layout=&#8221;vertical_border&#8221; title=&#8221;Pensiune Casa Del Sole&#8221; desc=&#8221;Am lansat pensiunea Casa Del Sole din nevoia de a oferii servicii complete de ospitalitate &#8222;casa si masa&#8222; clientilor nostri. Casa Del Sole este o pensiune in Alba Iulia cu 6 camere cochete, foarte curate si superb amenajate. Pozitionata intr-o zona foarte linistita, langa un parc central, locatie ferita de agitatia urbana.<\/p>\n<p>Locatia este in centrul orasului la 600 de metri de Poarta a III-a a Cet\u0103\u021bii Alba Iulia.&#8221; link=&#8221;url:https%3A%2F%2Fcasadelsole.com.ro%2Fpensiune%2F|title:Pensiune&#8221;][\/vc_column][vc_column offset=&#8221;vc_col-lg-1 vc_col-md-1&#8243; css=&#8221;.vc_custom_1491303483711{border-right-width: 1px !important;padding-bottom: 250px !important;border-right-color: #b98036 !important;border-right-style: solid !important;border-radius: 1px !important;}&#8221;][\/vc_column][vc_column offset=&#8221;vc_col-lg-1 vc_col-md-1&#8243;][\/vc_column][vc_column offset=&#8221;vc_col-lg-4 vc_col-md-4&#8243;][fleurdesel_iconbox layout=&#8221;vertical_border&#8221; title=&#8221;Restaurant Casa Del Sole&#8221; desc=&#8221;Restaurantul nostru \u0219i-a deschis por\u021bile la finele anului 2016, fiind locul \u00een care buc\u0103t\u0103ria mediteranean\u0103 este completat\u0103 de un decor c\u0103lduros \u0219i pune la dispozi\u021bia clien\u021bilor spa\u021biul ideal pentru o petrecere, o mas\u0103 de afaceri sau o cin\u0103 \u00een doi.<\/p>\n<p>At\u00e2t gustul des\u0103v\u00e2r\u0219it al preparatelor, preg\u0103tite cu mult\u0103 dedicare \u00een buc\u0103t\u0103ria noastr\u0103, c\u00e2t \u0219i amabilitatea personalului completeaz\u0103 vestita noastr\u0103 ospitalitate.&#8221; link=&#8221;url:https%3A%2F%2Fcasadelsole.com.ro%2Frestaurant%2F|title:Restaurant&#8221;][\/vc_column][\/vc_row][vc_row][vc_column css=&#8221;.vc_custom_1648538349036{margin-top: 20px !important;margin-bottom: 20px !important;}&#8221;][fleurdesel_galleries layout=&#8221;masonry&#8221; galleries=&#8221;%5B%7B%22image%22%3A%221611%22%2C%22group%22%3A%22Pensiune%22%7D%2C%7B%22image%22%3A%221612%22%2C%22group%22%3A%22Pensiune%22%7D%2C%7B%22image%22%3A%221613%22%2C%22group%22%3A%22Pensiune%22%7D%2C%7B%22image%22%3A%221614%22%2C%22group%22%3A%22Pensiune%22%7D%2C%7B%22image%22%3A%221615%22%2C%22group%22%3A%22Pensiune%22%7D%2C%7B%22image%22%3A%221616%22%2C%22group%22%3A%22Pensiune%22%7D%2C%7B%22image%22%3A%221622%22%2C%22group%22%3A%22Restaurant%22%7D%2C%7B%22image%22%3A%221621%22%2C%22group%22%3A%22Restaurant%22%7D%2C%7B%22image%22%3A%221620%22%2C%22group%22%3A%22Restaurant%22%7D%2C%7B%22image%22%3A%221619%22%2C%22group%22%3A%22Restaurant%22%7D%2C%7B%22image%22%3A%221618%22%2C%22group%22%3A%22Restaurant%22%7D%2C%7B%22image%22%3A%221617%22%2C%22group%22%3A%22Restaurant%22%7D%5D&#8221; css=&#8221;.vc_custom_1648538651834{padding-bottom: 50px !important;}&#8221;][vc_text_separator title=&#8221;Restaurant &#8211; Pizzerie &#8211; Pensiune &#8211; Cazare Casa Del Sole Alba Iulia&#8221; color=&#8221;custom&#8221; accent_color=&#8221;#dd9933&#8243; css=&#8221;.vc_custom_1677759406824{padding-top: 50px !important;}&#8221;][\/vc_column][\/vc_row][vc_row][vc_column css=&#8221;.vc_custom_1648538427433{padding-top: 70px !important;}&#8221;][fleurdesel_iconbox layout=&#8221;vertical_border&#8221; title=&#8221;Masa la Restaurant &#8211; Pizzerie Casa del Sole Alba Iulia&#8221; desc=&#8221;Fie c\u0103 este vorba de o \u00eent\u00e2lnire de afaceri, o cin\u0103 romantic\u0103 sau o ie\u0219ire cu prietenii, v\u0103 vom r\u0103sf\u0103\u021ba cu preparatele noastre \u00eentr-o atmosfer\u0103 pl\u0103cut\u0103 \u0219i elegant\u0103.<\/p>\n<p>Experien\u021ba culinar\u0103 original\u0103 adus\u0103 pe mesele restaurantului, se datoreaz\u0103 prospe\u021bimii \u0219i calit\u0103\u021bii ingredientelor folosite \u00een buc\u0103t\u0103ria noastr\u0103 al\u0103turi de experien\u021ba buc\u0103tarilor.<\/p>\n<p>Pe l\u00e2ng\u0103 pizza \u00een cuptor cu lemne, preparat\u0103 cu ingrediente autentice, restaurantul nostru este renumit pentru aperitivele cu gust des\u0103v\u00e2r\u0219it \u0219i felurile principale din carne de vi\u021bel, porc, pe\u0219te sau fructe de mare, precum \u0219i deserturi memorabile.&#8221;][vc_text_separator title=&#8221;Casa Del Sole Alba Iulia&#8221; color=&#8221;custom&#8221; accent_color=&#8221;#dd9933&#8243; css=&#8221;.vc_custom_1648557990274{padding-top: 50px !important;}&#8221;][\/vc_column][\/vc_row][vc_row][vc_column css=&#8221;.vc_custom_1648558073636{padding-top: 50px !important;}&#8221;][vc_row_inner][vc_column_inner][fleurdesel_heading title_size=&#8221;Default&#8221; align=&#8221;center&#8221; title=&#8221;Recomandarile noastre&#8221; subtitle=&#8221;Locuri de vizitat&#8221;][fleurdesel_galleries layout=&#8221;masonry&#8221; galleries=&#8221;%5B%7B%22image%22%3A%221685%22%2C%22title%22%3A%22Cetatea%20Alba%20Carolina%22%2C%22group%22%3A%22Monumente%20istorice%22%7D%2C%7B%22image%22%3A%221694%22%2C%22title%22%3A%22Via%20Principalis%22%2C%22group%22%3A%22Monumente%20istorice%22%7D%2C%7B%22image%22%3A%221689%22%2C%22title%22%3A%22Muzeul%20Principia%22%2C%22group%22%3A%22Monumente%20istorice%22%7D%2C%7B%22image%22%3A%221688%22%2C%22title%22%3A%22Muzeul%20Na%C8%9Bional%20Al%20Unirii%22%2C%22group%22%3A%22Monumente%20istorice%22%7D%2C%7B%22image%22%3A%221691%22%2C%22title%22%3A%22Palatul%20Principilor%20Transilvaniei%22%2C%22group%22%3A%22Monumente%20istorice%22%7D%2C%7B%22image%22%3A%221686%22%2C%22title%22%3A%22Monumentul%20Custozza%22%2C%22group%22%3A%22Monumente%20istorice%22%7D%2C%7B%22image%22%3A%221687%22%2C%22title%22%3A%22Monumentul%20Lossenau%22%2C%22group%22%3A%22Monumente%20istorice%22%7D%2C%7B%22image%22%3A%221690%22%2C%22title%22%3A%22Obeliscul%20%E2%80%9EHOREA%2C%20CLO%C8%98CA%20%C8%98I%20CRI%C8%98AN%E2%80%9D%22%2C%22group%22%3A%22Monumente%20istorice%22%7D%2C%7B%22image%22%3A%221693%22%2C%22title%22%3A%22Statuia%20lui%20Mihai%20Viteazul%22%2C%22group%22%3A%22Monumente%20istorice%22%7D%2C%7B%22image%22%3A%221692%22%2C%22title%22%3A%22Poarta%20de%20Sud%20a%20Castrului%20Roman%22%2C%22group%22%3A%22Monumente%20istorice%22%7D%2C%7B%22image%22%3A%221704%22%2C%22title%22%3A%22Pestera%20Ghetarul%20de%20la%20Scarisoara%22%2C%22group%22%3A%22Obiective%20turistice%20Alba%22%7D%2C%7B%22image%22%3A%221705%22%2C%22title%22%3A%22Pestera%20Huda%20lui%20Papara%22%2C%22group%22%3A%22Obiective%20turistice%20Alba%22%7D%2C%7B%22image%22%3A%221701%22%2C%22title%22%3A%22Lacul%20Iezerul%20Ighiel%22%2C%22group%22%3A%22Obiective%20turistice%20Alba%22%7D%2C%7B%22image%22%3A%221706%22%2C%22title%22%3A%22Poarta%20lui%20Ionele%22%2C%22group%22%3A%22Obiective%20turistice%20Alba%22%7D%2C%7B%22image%22%3A%221699%22%2C%22title%22%3A%22Cheile%20Rametului%22%2C%22group%22%3A%22Obiective%20turistice%20Alba%22%7D%2C%7B%22image%22%3A%221707%22%2C%22title%22%3A%22Rapa%20Rosie%22%2C%22group%22%3A%22Obiective%20turistice%20Alba%22%7D%2C%7B%22image%22%3A%221708%22%2C%22title%22%3A%22Satul%20Rimetea%22%2C%22group%22%3A%22Obiective%20turistice%20Alba%22%7D%2C%7B%22image%22%3A%221702%22%2C%22title%22%3A%22Lacul%20Oasa%22%2C%22group%22%3A%22Obiective%20turistice%20Alba%22%7D%2C%7B%22image%22%3A%221700%22%2C%22title%22%3A%22Detunata%20Golasa%22%2C%22group%22%3A%22Obiective%20turistice%20Alba%22%7D%2C%7B%22image%22%3A%221703%22%2C%22title%22%3A%22Pestera%20Focul%20Viu%22%2C%22group%22%3A%22Obiective%20turistice%20Alba%22%7D%2C%7B%22image%22%3A%221716%22%2C%22title%22%3A%22Cetatea%20Trascaului%22%2C%22group%22%3A%22Obiective%20turistice%20Alba%22%7D%5D&#8221; css=&#8221;.vc_custom_1648744748673{border-radius: 1px !important;}&#8221;][vc_btn title=&#8221;Sursa foto www.albaiuliaqr.ro&#8221; style=&#8221;outline-custom&#8221; outline_custom_color=&#8221;#dd9933&#8243; outline_custom_hover_background=&#8221;#dd9933&#8243; outline_custom_hover_text=&#8221;#ffffff&#8221; shape=&#8221;square&#8221; align=&#8221;right&#8221; i_icon_fontawesome=&#8221;fas fa-arrow-right&#8221; add_icon=&#8221;true&#8221; link=&#8221;url:https%3A%2F%2Falbaiuliaqr.ro%2F|title:DESCOPER%C4%82%20PATRIMONIUL%20CULTURAL%20DIN%20ALBA%20IULIA%20PRIN%20QR%20COD!|target:_blank&#8221;][vc_text_separator title=&#8221;Restaurant &#8211; Pizzerie &#8211; Pensiune &#8211; Cazare Casa Del Sole Alba Iulia&#8221; color=&#8221;custom&#8221; accent_color=&#8221;#dd9933&#8243; css=&#8221;.vc_custom_1677759445109{padding-top: 50px !important;padding-bottom: 50px !important;}&#8221;][fleurdesel_heading title_size=&#8221;Default&#8221; align=&#8221;center&#8221; css=&#8221;.vc_custom_1648565970272{padding-bottom: 50px !important;}&#8221; title=&#8221;Localizare&#8221;][vc_gmaps link=&#8221;#E-8_JTNDaWZyYW1lJTIwc3JjJTNEJTIyaHR0cHMlM0ElMkYlMkZ3d3cuZ29vZ2xlLmNvbSUyRm1hcHMlMkZlbWJlZCUzRnBiJTNEJTIxMW0xNCUyMTFtOCUyMTFtMyUyMTFkMTEwNzIuNzcwMDU1OTA1OTAxJTIxMmQyMy41ODIxNzE4JTIxM2Q0Ni4wNjcyMDI0JTIxM20yJTIxMWkxMDI0JTIxMmk3NjglMjE0ZjEzLjElMjEzbTMlMjExbTIlMjExczB4MCUyNTNBMHgyODY2NmZlYmYzYmFjZmI0JTIxMnNDYXNhJTI1MjBkZWwlMjUyMFNvbGUlMjE1ZTAlMjEzbTIlMjExc3JvJTIxMnNybyUyMTR2MTY0ODU2NTY0NTA4MCUyMTVtMiUyMTFzcm8lMjEyc3JvJTIyJTIwd2lkdGglM0QlMjI4MDAlMjIlMjBoZWlnaHQlM0QlMjI2MDAlMjIlMjBzdHlsZSUzRCUyMmJvcmRlciUzQTAlM0IlMjIlMjBhbGxvd2Z1bGxzY3JlZW4lM0QlMjIlMjIlMjBsb2FkaW5nJTNEJTIybGF6eSUyMiUyMHJlZmVycmVycG9saWN5JTNEJTIybm8tcmVmZXJyZXItd2hlbi1kb3duZ3JhZGUlMjIlM0UlM0MlMkZpZnJhbWUlM0U=&#8221; size=&#8221;&#8221;][\/vc_column_inner][\/vc_row_inner][\/vc_column][\/vc_row][\/vc_section]<\/p>\n","protected":false},"excerpt":{"rendered":"<p>[vc_section full_width=&#8221;stretch_row&#8221; css=&#8221;.vc_custom_1648327084608{padding-bottom: 150px !important;background-position: 0 0 !important;background-repeat: no-repeat !important;}&#8221;][vc_row css=&#8221;.vc_custom_1499766293424{margin-top: 120px !important;padding-bottom: 70px !important;}&#8221;][vc_column offset=&#8221;vc_col-lg-offset-2 vc_col-lg-8 vc_col-md-offset-2 vc_col-md-8&#8243;][fleurdesel_heading title_size=&#8221;Default&#8221; align=&#8221;center&#8221; title=&#8221;Din pasiune pentru ospitalitate!&#8221; subtitle=&#8221;Povestea Casa Del Sole Alba Iulia&#8221;][\/vc_column][\/vc_row][vc_row][vc_column offset=&#8221;vc_col-lg-offset-1 vc_col-lg-4 vc_col-md-offset-1 vc_col-md-4&#8243;][fleurdesel_iconbox layout=&#8221;vertical_border&#8221; title=&#8221;Pensiune Casa Del Sole&#8221; desc=&#8221;Am lansat pensiunea Casa Del Sole din nevoia de a oferii servicii complete de ospitalitate [&hellip;]<\/p>\n","protected":false},"author":1,"featured_media":0,"parent":0,"menu_order":0,"comment_status":"closed","ping_status":"closed","template":"templates\/page-builder.php","meta":{"footnotes":""},"class_list":["post-103","page","type-page","status-publish","hentry"],"jetpack-related-posts":[],"jetpack_sharing_enabled":true,"_links":{"self":[{"href":"https:\/\/casadelsole.com.ro\/index.php?rest_route=\/wp\/v2\/pages\/103","targetHints":{"allow":["GET"]}}],"collection":[{"href":"https:\/\/casadelsole.com.ro\/index.php?rest_route=\/wp\/v2\/pages"}],"about":[{"href":"https:\/\/casadelsole.com.ro\/index.php?rest_route=\/wp\/v2\/types\/page"}],"author":[{"embeddable":true,"href":"https:\/\/casadelsole.com.ro\/index.php?rest_route=\/wp\/v2\/users\/1"}],"replies":[{"embeddable":true,"href":"https:\/\/casadelsole.com.ro\/index.php?rest_route=%2Fwp%2Fv2%2Fcomments&post=103"}],"version-history":[{"count":71,"href":"https:\/\/casadelsole.com.ro\/index.php?rest_route=\/wp\/v2\/pages\/103\/revisions"}],"predecessor-version":[{"id":2063,"href":"https:\/\/casadelsole.com.ro\/index.php?rest_route=\/wp\/v2\/pages\/103\/revisions\/2063"}],"wp:attachment":[{"href":"https:\/\/casadelsole.com.ro\/index.php?rest_route=%2Fwp%2Fv2%2Fmedia&parent=103"}],"curies":[{"name":"wp","href":"https:\/\/api.w.org\/{rel}","templated":true}]}}