{"id":1928,"date":"2022-03-31T14:02:15","date_gmt":"2022-03-31T14:02:15","guid":{"rendered":"https:\/\/casadelsole.com.ro\/?page_id=1928"},"modified":"2023-03-02T13:14:20","modified_gmt":"2023-03-02T13:14:20","slug":"camera-venus","status":"publish","type":"page","link":"https:\/\/casadelsole.com.ro\/?page_id=1928","title":{"rendered":"Camera Venus"},"content":{"rendered":"<p>[vc_row][vc_column offset=&#8221;vc_col-lg-offset-2 vc_col-lg-8 vc_col-md-offset-2 vc_col-md-8&#8243;][fleurdesel_heading title_size=&#8221;Default&#8221; align=&#8221;center&#8221; title=&#8221;CAMERA VENUS&#8221; css=&#8221;.vc_custom_1648735672348{margin-bottom: 40px !important;padding-top: 100px !important;}&#8221; subtitle=&#8221;Camer\u0103 dubla cu baie privat\u0103&#8221;][vc_column_text css=&#8221;.vc_custom_1648735444295{margin-bottom: 90px !important;padding-right: 30px !important;padding-left: 30px !important;}&#8221;]<\/p>\n<p class=\"font-500 fz-20 text-center\" style=\"text-align: center;\">Venus cunoscut ca \u0219i Luceaf\u0103rul este a doua planet\u0103 de la Soare. Este numit\u0103 dup\u0103 zei\u021ba roman\u0103 a iubirii \u0219i frumuse\u021bii. Este al treilea obiect natural ca luminozitate pe cerul nop\u021bii dup\u0103 Soare \u0219i Lun\u0103. M\u0103rimea sa stelar\u0103 observat\u0103 atinge -4,6 m \u0219i este suficient\u0103 pentru ca lumina reflectat\u0103 din Venus s\u0103 creeze umbre; rareori este vizibil\u0103 cu ochiul liber \u0219i \u00een timpul zilei.<\/p>\n<p>[\/vc_column_text][\/vc_column][\/vc_row][vc_row css=&#8221;.vc_custom_1491215321364{margin-bottom: 50px !important;}&#8221;][vc_column][vc_row_inner][vc_column_inner][vc_text_separator title=&#8221;Pensiune &#8211; Cazare &#8211; Casa Del Sole Alba Iulia&#8221; color=&#8221;custom&#8221; accent_color=&#8221;#dd9933&#8243; css=&#8221;.vc_custom_1648732162637{padding-top: 50px !important;padding-bottom: 50px !important;}&#8221;][\/vc_column_inner][\/vc_row_inner][fleurdesel_galleries galleries=&#8221;%5B%7B%22image%22%3A%221933%22%2C%22group%22%3A%22Camera%20Venus%22%7D%2C%7B%22image%22%3A%221932%22%2C%22group%22%3A%22Camera%20Venus%22%7D%2C%7B%22image%22%3A%221930%22%2C%22group%22%3A%22Camera%20Venus%22%7D%5D&#8221;][\/vc_column][\/vc_row][vc_row][vc_column offset=&#8221;vc_col-lg-offset-1 vc_col-lg-10 vc_col-md-offset-1 vc_col-md-10&#8243;][vc_column_text]<\/p>\n<h3 style=\"text-align: center;\">Perfecta sa gazduiasca 2 persoane, cu un pat matrimonial, camera foarte eleganta si curata.<\/h3>\n<p>[\/vc_column_text][\/vc_column][vc_column][vc_text_separator title=&#8221;Pensiune &#8211; Cazare &#8211; Casa Del Sole Alba Iulia&#8221; color=&#8221;custom&#8221; accent_color=&#8221;#dd9933&#8243; css=&#8221;.vc_custom_1648732162637{padding-top: 50px !important;padding-bottom: 50px !important;}&#8221;][\/vc_column][\/vc_row][vc_section][vc_row][vc_column width=&#8221;1\/4&#8243;][fleurdesel_iconbox type=&#8221;image&#8221; layout=&#8221;vertical_border&#8221; image=&#8221;1896&#8243; title=&#8221;Dimensiune 26 m\u00b2&#8221;][\/vc_column][vc_column width=&#8221;1\/4&#8243;][fleurdesel_iconbox type=&#8221;image&#8221; layout=&#8221;vertical_border&#8221; image=&#8221;1898&#8243; title=&#8221;Dublu matrimonial&#8221;][\/vc_column][vc_column width=&#8221;1\/4&#8243;][fleurdesel_iconbox type=&#8221;image&#8221; layout=&#8221;vertical_border&#8221; image=&#8221;1899&#8243; title=&#8221;Aer conditionat&#8221;][\/vc_column][vc_column width=&#8221;1\/4&#8243;][fleurdesel_iconbox type=&#8221;image&#8221; layout=&#8221;vertical_border&#8221; image=&#8221;1904&#8243; title=&#8221;TV cu ecran plat&#8221;][\/vc_column][\/vc_row][vc_row][vc_column width=&#8221;1\/4&#8243;][fleurdesel_iconbox type=&#8221;image&#8221; layout=&#8221;vertical_border&#8221; image=&#8221;1907&#8243; title=&#8221;Internet gratuit&#8221;][\/vc_column][vc_column width=&#8221;1\/4&#8243;][fleurdesel_iconbox type=&#8221;image&#8221; layout=&#8221;vertical_border&#8221; image=&#8221;1911&#8243; title=&#8221;Mic dejun&#8221;][\/vc_column][vc_column width=&#8221;1\/4&#8243;][fleurdesel_iconbox type=&#8221;image&#8221; layout=&#8221;vertical_border&#8221; image=&#8221;1909&#8243; title=&#8221;Mini-Safe in camera&#8221;][\/vc_column][vc_column width=&#8221;1\/4&#8243;][fleurdesel_iconbox type=&#8221;image&#8221; layout=&#8221;vertical_border&#8221; image=&#8221;1910&#8243; title=&#8221;Plata cu cardul&#8221;][\/vc_column][\/vc_row][vc_row][vc_column width=&#8221;1\/4&#8243;][fleurdesel_iconbox type=&#8221;image&#8221; layout=&#8221;vertical_border&#8221; image=&#8221;1918&#8243; title=&#8221;Baie completa&#8221;][\/vc_column][vc_column width=&#8221;1\/4&#8243;][fleurdesel_iconbox type=&#8221;image&#8221; layout=&#8221;vertical_border&#8221; image=&#8221;1915&#8243; title=&#8221;Supraveghere video&#8221;][\/vc_column][vc_column width=&#8221;1\/4&#8243;][fleurdesel_iconbox type=&#8221;image&#8221; layout=&#8221;vertical_border&#8221; image=&#8221;1917&#8243; title=&#8221;Parcare auto&#8221;][\/vc_column][vc_column width=&#8221;1\/4&#8243;][fleurdesel_iconbox type=&#8221;image&#8221; layout=&#8221;vertical_border&#8221; image=&#8221;1916&#8243; title=&#8221;Fumatul interzis&#8221;][\/vc_column][\/vc_row][\/vc_section][vc_row][vc_column][vc_text_separator title=&#8221;Pensiune &#8211; Cazare &#8211; Casa Del Sole Alba Iulia&#8221; color=&#8221;custom&#8221; accent_color=&#8221;#dd9933&#8243; css=&#8221;.vc_custom_1648732162637{padding-top: 50px !important;padding-bottom: 50px !important;}&#8221;][\/vc_column][vc_column][vc_single_image image=&#8221;1926&#8243; img_size=&#8221;full&#8221; alignment=&#8221;center&#8221; onclick=&#8221;custom_link&#8221; img_link_target=&#8221;_blank&#8221; link=&#8221;https:\/\/www.booking.com\/hotel\/ro\/casa-del-sole-alba-iulia.ro.html#RD673459703&#8243; css=&#8221;.vc_custom_1648735614673{padding-bottom: 50px !important;}&#8221;][\/vc_column][\/vc_row]<\/p>\n","protected":false},"excerpt":{"rendered":"<p>[vc_row][vc_column offset=&#8221;vc_col-lg-offset-2 vc_col-lg-8 vc_col-md-offset-2 vc_col-md-8&#8243;][fleurdesel_heading title_size=&#8221;Default&#8221; align=&#8221;center&#8221; title=&#8221;CAMERA VENUS&#8221; css=&#8221;.vc_custom_1648735672348{margin-bottom: 40px !important;padding-top: 100px !important;}&#8221; subtitle=&#8221;Camer\u0103 dubla cu baie privat\u0103&#8221;][vc_column_text css=&#8221;.vc_custom_1648735444295{margin-bottom: 90px !important;padding-right: 30px !important;padding-left: 30px !important;}&#8221;] Venus cunoscut ca \u0219i Luceaf\u0103rul este a doua planet\u0103 de la Soare. Este numit\u0103 dup\u0103 zei\u021ba roman\u0103 a iubirii \u0219i frumuse\u021bii. Este al treilea obiect natural ca luminozitate pe [&hellip;]<\/p>\n","protected":false},"author":1,"featured_media":0,"parent":0,"menu_order":0,"comment_status":"closed","ping_status":"closed","template":"templates\/page-builder.php","meta":{"footnotes":""},"class_list":["post-1928","page","type-page","status-publish","hentry"],"jetpack-related-posts":[],"jetpack_sharing_enabled":true,"_links":{"self":[{"href":"https:\/\/casadelsole.com.ro\/index.php?rest_route=\/wp\/v2\/pages\/1928","targetHints":{"allow":["GET"]}}],"collection":[{"href":"https:\/\/casadelsole.com.ro\/index.php?rest_route=\/wp\/v2\/pages"}],"about":[{"href":"https:\/\/casadelsole.com.ro\/index.php?rest_route=\/wp\/v2\/types\/page"}],"author":[{"embeddable":true,"href":"https:\/\/casadelsole.com.ro\/index.php?rest_route=\/wp\/v2\/users\/1"}],"replies":[{"embeddable":true,"href":"https:\/\/casadelsole.com.ro\/index.php?rest_route=%2Fwp%2Fv2%2Fcomments&post=1928"}],"version-history":[{"count":3,"href":"https:\/\/casadelsole.com.ro\/index.php?rest_route=\/wp\/v2\/pages\/1928\/revisions"}],"predecessor-version":[{"id":1935,"href":"https:\/\/casadelsole.com.ro\/index.php?rest_route=\/wp\/v2\/pages\/1928\/revisions\/1935"}],"wp:attachment":[{"href":"https:\/\/casadelsole.com.ro\/index.php?rest_route=%2Fwp%2Fv2%2Fmedia&parent=1928"}],"curies":[{"name":"wp","href":"https:\/\/api.w.org\/{rel}","templated":true}]}}