{"id":1959,"date":"2022-03-31T14:27:14","date_gmt":"2022-03-31T14:27:14","guid":{"rendered":"https:\/\/casadelsole.com.ro\/?page_id=1959"},"modified":"2023-03-02T13:19:41","modified_gmt":"2023-03-02T13:19:41","slug":"camera-luna","status":"publish","type":"page","link":"https:\/\/casadelsole.com.ro\/?page_id=1959","title":{"rendered":"Camera Luna"},"content":{"rendered":"<p>[vc_row][vc_column offset=&#8221;vc_col-lg-offset-2 vc_col-lg-8 vc_col-md-offset-2 vc_col-md-8&#8243;][fleurdesel_heading title_size=&#8221;Default&#8221; align=&#8221;center&#8221; title=&#8221;CAMERA LUNA&#8221; css=&#8221;.vc_custom_1648736921339{margin-bottom: 40px !important;padding-top: 100px !important;}&#8221; subtitle=&#8221;Camera single cu baie proprie&#8221;][vc_column_text css=&#8221;.vc_custom_1648736953816{margin-bottom: 90px !important;padding-right: 30px !important;padding-left: 30px !important;}&#8221;]<\/p>\n<p class=\"font-500 fz-20 text-center\" style=\"text-align: center;\">Luna este un corp astronomic care orbiteaz\u0103 planeta P\u0103m\u00e2nt, fiind singurul s\u0103u satelit natural permanent. Este al cincilea cel mai mare\u2060 satelit natural din Sistemul Solar, \u0219i cel mai mare dintre sateli\u021bi planetari relativ la dimensiunea planetei pe care o orbiteaz\u0103 (obiectul s\u0103u primar). Dup\u0103 satelitul lui Jupiter, Io, Luna este al doilea cel mai dens satelit dintre cei ale c\u0103ror densit\u0103\u021bi sunt cunoscute.<\/p>\n<p>[\/vc_column_text][\/vc_column][\/vc_row][vc_row css=&#8221;.vc_custom_1491215321364{margin-bottom: 50px !important;}&#8221;][vc_column][vc_row_inner][vc_column_inner][vc_text_separator title=&#8221;Pensiune &#8211; Cazare &#8211; Casa Del Sole Alba Iulia&#8221; color=&#8221;custom&#8221; accent_color=&#8221;#dd9933&#8243; css=&#8221;.vc_custom_1648732162637{padding-top: 50px !important;padding-bottom: 50px !important;}&#8221;][\/vc_column_inner][\/vc_row_inner][fleurdesel_galleries galleries=&#8221;%5B%7B%22image%22%3A%221963%22%2C%22group%22%3A%22Camera%20Luna%22%7D%2C%7B%22image%22%3A%221966%22%2C%22group%22%3A%22Camera%20Luna%22%7D%2C%7B%22image%22%3A%221965%22%2C%22group%22%3A%22Camera%20Luna%22%7D%5D&#8221;][\/vc_column][\/vc_row][vc_row][vc_column offset=&#8221;vc_col-lg-offset-1 vc_col-lg-10 vc_col-md-offset-1 vc_col-md-10&#8243;][vc_column_text]<\/p>\n<h3 style=\"text-align: center;\">Camera perfecta pentru o singura persoana, cu un pat de o persoana cu saltea foarte confortabila, foarte bine izolata fonic, numai bine pentru odihna perfecta!<\/h3>\n<p>[\/vc_column_text][\/vc_column][vc_column][vc_text_separator title=&#8221;Pensiune &#8211; Cazare &#8211; Casa Del Sole Alba Iulia&#8221; color=&#8221;custom&#8221; accent_color=&#8221;#dd9933&#8243; css=&#8221;.vc_custom_1648732162637{padding-top: 50px !important;padding-bottom: 50px !important;}&#8221;][\/vc_column][\/vc_row][vc_section][vc_row][vc_column width=&#8221;1\/4&#8243;][fleurdesel_iconbox type=&#8221;image&#8221; layout=&#8221;vertical_border&#8221; image=&#8221;1896&#8243; title=&#8221;Dimensiune 15 m\u00b2&#8221;][\/vc_column][vc_column width=&#8221;1\/4&#8243;][fleurdesel_iconbox type=&#8221;image&#8221; layout=&#8221;vertical_border&#8221; image=&#8221;1972&#8243; title=&#8221;De o persoana&#8221;][\/vc_column][vc_column width=&#8221;1\/4&#8243;][fleurdesel_iconbox type=&#8221;image&#8221; layout=&#8221;vertical_border&#8221; image=&#8221;1899&#8243; title=&#8221;Aer conditionat&#8221;][\/vc_column][vc_column width=&#8221;1\/4&#8243;][fleurdesel_iconbox type=&#8221;image&#8221; layout=&#8221;vertical_border&#8221; image=&#8221;1904&#8243; title=&#8221;TV cu ecran plat&#8221;][\/vc_column][\/vc_row][vc_row][vc_column width=&#8221;1\/4&#8243;][fleurdesel_iconbox type=&#8221;image&#8221; layout=&#8221;vertical_border&#8221; image=&#8221;1907&#8243; title=&#8221;Internet gratuit&#8221;][\/vc_column][vc_column width=&#8221;1\/4&#8243;][fleurdesel_iconbox type=&#8221;image&#8221; layout=&#8221;vertical_border&#8221; image=&#8221;1911&#8243; title=&#8221;Mic dejun&#8221;][\/vc_column][vc_column width=&#8221;1\/4&#8243;][fleurdesel_iconbox type=&#8221;image&#8221; layout=&#8221;vertical_border&#8221; image=&#8221;1909&#8243; title=&#8221;Mini-Safe in camera&#8221;][\/vc_column][vc_column width=&#8221;1\/4&#8243;][fleurdesel_iconbox type=&#8221;image&#8221; layout=&#8221;vertical_border&#8221; image=&#8221;1910&#8243; title=&#8221;Plata cu cardul&#8221;][\/vc_column][\/vc_row][vc_row][vc_column width=&#8221;1\/4&#8243;][fleurdesel_iconbox type=&#8221;image&#8221; layout=&#8221;vertical_border&#8221; image=&#8221;1918&#8243; title=&#8221;Baie completa&#8221;][\/vc_column][vc_column width=&#8221;1\/4&#8243;][fleurdesel_iconbox type=&#8221;image&#8221; layout=&#8221;vertical_border&#8221; image=&#8221;1915&#8243; title=&#8221;Supraveghere video&#8221;][\/vc_column][vc_column width=&#8221;1\/4&#8243;][fleurdesel_iconbox type=&#8221;image&#8221; layout=&#8221;vertical_border&#8221; image=&#8221;1917&#8243; title=&#8221;Parcare auto&#8221;][\/vc_column][vc_column width=&#8221;1\/4&#8243;][fleurdesel_iconbox type=&#8221;image&#8221; layout=&#8221;vertical_border&#8221; image=&#8221;1916&#8243; title=&#8221;Fumatul interzis&#8221;][\/vc_column][\/vc_row][\/vc_section][vc_row][vc_column][vc_text_separator title=&#8221;Pensiune &#8211; Cazare &#8211; Casa Del Sole Alba Iulia&#8221; color=&#8221;custom&#8221; accent_color=&#8221;#dd9933&#8243; css=&#8221;.vc_custom_1648732162637{padding-top: 50px !important;padding-bottom: 50px !important;}&#8221;][\/vc_column][vc_column][vc_single_image image=&#8221;1926&#8243; img_size=&#8221;full&#8221; alignment=&#8221;center&#8221; onclick=&#8221;custom_link&#8221; img_link_target=&#8221;_blank&#8221; link=&#8221;https:\/\/www.booking.com\/hotel\/ro\/casa-del-sole-alba-iulia.ro.html#RD673459705&#8243; css=&#8221;.vc_custom_1648735048731{padding-bottom: 50px !important;}&#8221;][\/vc_column][\/vc_row]<\/p>\n","protected":false},"excerpt":{"rendered":"<p>[vc_row][vc_column offset=&#8221;vc_col-lg-offset-2 vc_col-lg-8 vc_col-md-offset-2 vc_col-md-8&#8243;][fleurdesel_heading title_size=&#8221;Default&#8221; align=&#8221;center&#8221; title=&#8221;CAMERA LUNA&#8221; css=&#8221;.vc_custom_1648736921339{margin-bottom: 40px !important;padding-top: 100px !important;}&#8221; subtitle=&#8221;Camera single cu baie proprie&#8221;][vc_column_text css=&#8221;.vc_custom_1648736953816{margin-bottom: 90px !important;padding-right: 30px !important;padding-left: 30px !important;}&#8221;] Luna este un corp astronomic care orbiteaz\u0103 planeta P\u0103m\u00e2nt, fiind singurul s\u0103u satelit natural permanent. Este al cincilea cel mai mare\u2060 satelit natural din Sistemul Solar, \u0219i cel mai [&hellip;]<\/p>\n","protected":false},"author":1,"featured_media":0,"parent":0,"menu_order":0,"comment_status":"closed","ping_status":"closed","template":"templates\/page-builder.php","meta":{"footnotes":""},"class_list":["post-1959","page","type-page","status-publish","hentry"],"jetpack-related-posts":[],"jetpack_sharing_enabled":true,"_links":{"self":[{"href":"https:\/\/casadelsole.com.ro\/index.php?rest_route=\/wp\/v2\/pages\/1959","targetHints":{"allow":["GET"]}}],"collection":[{"href":"https:\/\/casadelsole.com.ro\/index.php?rest_route=\/wp\/v2\/pages"}],"about":[{"href":"https:\/\/casadelsole.com.ro\/index.php?rest_route=\/wp\/v2\/types\/page"}],"author":[{"embeddable":true,"href":"https:\/\/casadelsole.com.ro\/index.php?rest_route=\/wp\/v2\/users\/1"}],"replies":[{"embeddable":true,"href":"https:\/\/casadelsole.com.ro\/index.php?rest_route=%2Fwp%2Fv2%2Fcomments&post=1959"}],"version-history":[{"count":5,"href":"https:\/\/casadelsole.com.ro\/index.php?rest_route=\/wp\/v2\/pages\/1959\/revisions"}],"predecessor-version":[{"id":1973,"href":"https:\/\/casadelsole.com.ro\/index.php?rest_route=\/wp\/v2\/pages\/1959\/revisions\/1973"}],"wp:attachment":[{"href":"https:\/\/casadelsole.com.ro\/index.php?rest_route=%2Fwp%2Fv2%2Fmedia&parent=1959"}],"curies":[{"name":"wp","href":"https:\/\/api.w.org\/{rel}","templated":true}]}}