{"id":78,"date":"2022-12-14T08:22:30","date_gmt":"2022-12-14T08:22:30","guid":{"rendered":"https:\/\/casadelsole.com.ro\/meniu\/?page_id=78"},"modified":"2022-12-14T08:40:36","modified_gmt":"2022-12-14T08:40:36","slug":"cotto","status":"publish","type":"page","link":"https:\/\/casadelsole.com.ro\/meniu\/cotto\/","title":{"rendered":"Cotto"},"content":{"rendered":"\t\t<div data-elementor-type=\"wp-page\" data-elementor-id=\"78\" class=\"elementor elementor-78\">\n\t\t\t\t\t\t\t\t\t<section class=\"elementor-section elementor-top-section elementor-element elementor-element-3b9372bb elementor-section-boxed elementor-section-height-default elementor-section-height-default\" data-id=\"3b9372bb\" data-element_type=\"section\" data-settings=\"{&quot;background_background&quot;:&quot;classic&quot;,&quot;shape_divider_bottom&quot;:&quot;curve&quot;,&quot;shape_divider_bottom_negative&quot;:&quot;yes&quot;}\">\n\t\t\t\t\t\t\t<div class=\"elementor-background-overlay\"><\/div>\n\t\t\t\t\t\t<div class=\"elementor-shape elementor-shape-bottom\" data-negative=\"true\">\n\t\t\t<svg xmlns=\"http:\/\/www.w3.org\/2000\/svg\" viewBox=\"0 0 1000 100\" preserveAspectRatio=\"none\">\n\t<path class=\"elementor-shape-fill\" d=\"M500,97C126.7,96.3,0.8,19.8,0,0v100l1000,0V1C1000,19.4,873.3,97.8,500,97z\"\/>\n<\/svg>\t\t<\/div>\n\t\t\t\t\t<div class=\"elementor-container elementor-column-gap-default\">\n\t\t\t\t\t<div class=\"elementor-column elementor-col-100 elementor-top-column elementor-element elementor-element-7c11f08c\" data-id=\"7c11f08c\" data-element_type=\"column\">\n\t\t\t<div class=\"elementor-widget-wrap elementor-element-populated\">\n\t\t\t\t\t\t\t\t<div class=\"elementor-element elementor-element-5ea1f9bb elementor-widget elementor-widget-heading\" data-id=\"5ea1f9bb\" data-element_type=\"widget\" data-widget_type=\"heading.default\">\n\t\t\t\t<div class=\"elementor-widget-container\">\n\t\t\t<style>\/*! elementor - v3.9.0 - 06-12-2022 *\/\n.elementor-heading-title{padding:0;margin:0;line-height:1}.elementor-widget-heading .elementor-heading-title[class*=elementor-size-]>a{color:inherit;font-size:inherit;line-height:inherit}.elementor-widget-heading .elementor-heading-title.elementor-size-small{font-size:15px}.elementor-widget-heading .elementor-heading-title.elementor-size-medium{font-size:19px}.elementor-widget-heading .elementor-heading-title.elementor-size-large{font-size:29px}.elementor-widget-heading .elementor-heading-title.elementor-size-xl{font-size:39px}.elementor-widget-heading .elementor-heading-title.elementor-size-xxl{font-size:59px}<\/style><h1 class=\"elementor-heading-title elementor-size-default\">Coppa<\/h1>\t\t<\/div>\n\t\t\t\t<\/div>\n\t\t\t\t\t<\/div>\n\t\t<\/div>\n\t\t\t\t\t\t\t<\/div>\n\t\t<\/section>\n\t\t\t\t<section class=\"elementor-section elementor-top-section elementor-element elementor-element-1a4b1f1f elementor-section-content-middle elementor-section-boxed elementor-section-height-default elementor-section-height-default\" data-id=\"1a4b1f1f\" data-element_type=\"section\">\n\t\t\t\t\t\t<div class=\"elementor-container elementor-column-gap-default\">\n\t\t\t\t\t<div class=\"elementor-column elementor-col-50 elementor-top-column elementor-element elementor-element-33ee6547\" data-id=\"33ee6547\" data-element_type=\"column\">\n\t\t\t<div class=\"elementor-widget-wrap elementor-element-populated\">\n\t\t\t\t\t\t\t\t<div class=\"elementor-element elementor-element-7f2490c4 elementor-widget elementor-widget-image\" data-id=\"7f2490c4\" data-element_type=\"widget\" data-widget_type=\"image.default\">\n\t\t\t\t<div class=\"elementor-widget-container\">\n\t\t\t<style>\/*! elementor - v3.9.0 - 06-12-2022 *\/\n.elementor-widget-image{text-align:center}.elementor-widget-image a{display:inline-block}.elementor-widget-image a img[src$=\".svg\"]{width:48px}.elementor-widget-image img{vertical-align:middle;display:inline-block}<\/style>\t\t\t\t\t\t\t\t\t\t\t\t\t<a href=\"https:\/\/casadelsole.com.ro\/meniu\/wp-content\/uploads\/2022\/12\/italian-meat-coppa-2021-08-29-22-32-56-utc.jpg\" data-elementor-open-lightbox=\"yes\" data-elementor-lightbox-title=\"Coppa\" e-action-hash=\"#elementor-action%3Aaction%3Dlightbox%26settings%3DeyJpZCI6OTAsInVybCI6Imh0dHBzOlwvXC9jYXNhZGVsc29sZS5jb20ucm9cL21lbml1XC93cC1jb250ZW50XC91cGxvYWRzXC8yMDIyXC8xMlwvaXRhbGlhbi1tZWF0LWNvcHBhLTIwMjEtMDgtMjktMjItMzItNTYtdXRjLmpwZyJ9\">\n\t\t\t\t\t\t\t<img decoding=\"async\" src=\"https:\/\/casadelsole.com.ro\/meniu\/wp-content\/uploads\/elementor\/thumbs\/italian-meat-coppa-2021-08-29-22-32-56-utc-pz55g9h9fwkx6qtydkd5wdehrl1n256fo5l1ymraps.jpg\" title=\"Coppa\" alt=\"Coppa\" \/>\t\t\t\t\t\t\t\t<\/a>\n\t\t\t\t\t\t\t\t\t\t\t\t\t\t\t<\/div>\n\t\t\t\t<\/div>\n\t\t\t\t<section class=\"elementor-section elementor-inner-section elementor-element elementor-element-469a893 elementor-section-boxed elementor-section-height-default elementor-section-height-default\" data-id=\"469a893\" data-element_type=\"section\">\n\t\t\t\t\t\t<div class=\"elementor-container elementor-column-gap-default\">\n\t\t\t\t\t<div class=\"elementor-column elementor-col-50 elementor-inner-column elementor-element elementor-element-5db7dd6\" data-id=\"5db7dd6\" data-element_type=\"column\">\n\t\t\t<div class=\"elementor-widget-wrap elementor-element-populated\">\n\t\t\t\t\t\t\t\t<div class=\"elementor-element elementor-element-4c7fd46 elementor-widget elementor-widget-image\" data-id=\"4c7fd46\" data-element_type=\"widget\" data-widget_type=\"image.default\">\n\t\t\t\t<div class=\"elementor-widget-container\">\n\t\t\t\t\t\t\t\t\t\t\t\t\t\t\t\t<a href=\"https:\/\/casadelsole.com.ro\/meniu\/wp-content\/uploads\/2022\/12\/meat-charcuterie-plate-with-prosciutto-crudo-sala-2022-04-11-17-32-08-utc.jpg\" data-elementor-open-lightbox=\"yes\" data-elementor-lightbox-title=\"Coppa\" e-action-hash=\"#elementor-action%3Aaction%3Dlightbox%26settings%3DeyJpZCI6OTIsInVybCI6Imh0dHBzOlwvXC9jYXNhZGVsc29sZS5jb20ucm9cL21lbml1XC93cC1jb250ZW50XC91cGxvYWRzXC8yMDIyXC8xMlwvbWVhdC1jaGFyY3V0ZXJpZS1wbGF0ZS13aXRoLXByb3NjaXV0dG8tY3J1ZG8tc2FsYS0yMDIyLTA0LTExLTE3LTMyLTA4LXV0Yy5qcGcifQ%3D%3D\">\n\t\t\t\t\t\t\t<img loading=\"lazy\" decoding=\"async\" width=\"1000\" height=\"665\" src=\"https:\/\/casadelsole.com.ro\/meniu\/wp-content\/uploads\/2022\/12\/meat-charcuterie-plate-with-prosciutto-crudo-sala-2022-04-11-17-32-08-utc.jpg\" class=\"attachment-large size-large wp-image-92\" alt=\"\" srcset=\"https:\/\/casadelsole.com.ro\/meniu\/wp-content\/uploads\/2022\/12\/meat-charcuterie-plate-with-prosciutto-crudo-sala-2022-04-11-17-32-08-utc.jpg 1000w, https:\/\/casadelsole.com.ro\/meniu\/wp-content\/uploads\/2022\/12\/meat-charcuterie-plate-with-prosciutto-crudo-sala-2022-04-11-17-32-08-utc-300x200.jpg 300w, https:\/\/casadelsole.com.ro\/meniu\/wp-content\/uploads\/2022\/12\/meat-charcuterie-plate-with-prosciutto-crudo-sala-2022-04-11-17-32-08-utc-768x511.jpg 768w\" sizes=\"auto, (max-width: 1000px) 100vw, 1000px\" \/>\t\t\t\t\t\t\t\t<\/a>\n\t\t\t\t\t\t\t\t\t\t\t\t\t\t\t<\/div>\n\t\t\t\t<\/div>\n\t\t\t\t\t<\/div>\n\t\t<\/div>\n\t\t\t\t<div class=\"elementor-column elementor-col-50 elementor-inner-column elementor-element elementor-element-72d28fa\" data-id=\"72d28fa\" data-element_type=\"column\">\n\t\t\t<div class=\"elementor-widget-wrap elementor-element-populated\">\n\t\t\t\t\t\t\t\t<div class=\"elementor-element elementor-element-6c1d845 elementor-widget elementor-widget-image\" data-id=\"6c1d845\" data-element_type=\"widget\" data-widget_type=\"image.default\">\n\t\t\t\t<div class=\"elementor-widget-container\">\n\t\t\t\t\t\t\t\t\t\t\t\t\t\t\t\t<a href=\"https:\/\/casadelsole.com.ro\/meniu\/wp-content\/uploads\/2022\/12\/coppa-capocollo-capicollo-meat-black-backgroun-2021-10-21-02-52-52-utc.jpg\" data-elementor-open-lightbox=\"yes\" data-elementor-lightbox-title=\"Coppa, Capocollo, Capicollo meat.  Black background. Top view.\" e-action-hash=\"#elementor-action%3Aaction%3Dlightbox%26settings%3DeyJpZCI6OTEsInVybCI6Imh0dHBzOlwvXC9jYXNhZGVsc29sZS5jb20ucm9cL21lbml1XC93cC1jb250ZW50XC91cGxvYWRzXC8yMDIyXC8xMlwvY29wcGEtY2Fwb2NvbGxvLWNhcGljb2xsby1tZWF0LWJsYWNrLWJhY2tncm91bi0yMDIxLTEwLTIxLTAyLTUyLTUyLXV0Yy5qcGcifQ%3D%3D\">\n\t\t\t\t\t\t\t<img loading=\"lazy\" decoding=\"async\" width=\"1000\" height=\"665\" src=\"https:\/\/casadelsole.com.ro\/meniu\/wp-content\/uploads\/2022\/12\/coppa-capocollo-capicollo-meat-black-backgroun-2021-10-21-02-52-52-utc.jpg\" class=\"attachment-large size-large wp-image-91\" alt=\"\" srcset=\"https:\/\/casadelsole.com.ro\/meniu\/wp-content\/uploads\/2022\/12\/coppa-capocollo-capicollo-meat-black-backgroun-2021-10-21-02-52-52-utc.jpg 1000w, https:\/\/casadelsole.com.ro\/meniu\/wp-content\/uploads\/2022\/12\/coppa-capocollo-capicollo-meat-black-backgroun-2021-10-21-02-52-52-utc-300x200.jpg 300w, https:\/\/casadelsole.com.ro\/meniu\/wp-content\/uploads\/2022\/12\/coppa-capocollo-capicollo-meat-black-backgroun-2021-10-21-02-52-52-utc-768x511.jpg 768w\" sizes=\"auto, (max-width: 1000px) 100vw, 1000px\" \/>\t\t\t\t\t\t\t\t<\/a>\n\t\t\t\t\t\t\t\t\t\t\t\t\t\t\t<\/div>\n\t\t\t\t<\/div>\n\t\t\t\t\t<\/div>\n\t\t<\/div>\n\t\t\t\t\t\t\t<\/div>\n\t\t<\/section>\n\t\t\t\t\t<\/div>\n\t\t<\/div>\n\t\t\t\t<div class=\"elementor-column elementor-col-50 elementor-top-column elementor-element elementor-element-11c75ff6\" data-id=\"11c75ff6\" data-element_type=\"column\" data-settings=\"{&quot;background_background&quot;:&quot;classic&quot;}\">\n\t\t\t<div class=\"elementor-widget-wrap elementor-element-populated\">\n\t\t\t\t\t\t\t\t<div class=\"elementor-element elementor-element-5f281e07 elementor-widget elementor-widget-heading\" data-id=\"5f281e07\" data-element_type=\"widget\" data-widget_type=\"heading.default\">\n\t\t\t\t<div class=\"elementor-widget-container\">\n\t\t\t<h5 class=\"elementor-heading-title elementor-size-default\">MEZELURI - COPPA<\/h5>\t\t<\/div>\n\t\t\t\t<\/div>\n\t\t\t\t<div class=\"elementor-element elementor-element-68ad8333 elementor-widget elementor-widget-text-editor\" data-id=\"68ad8333\" data-element_type=\"widget\" data-widget_type=\"text-editor.default\">\n\t\t\t\t<div class=\"elementor-widget-container\">\n\t\t\t<style>\/*! elementor - v3.9.0 - 06-12-2022 *\/\n.elementor-widget-text-editor.elementor-drop-cap-view-stacked .elementor-drop-cap{background-color:#818a91;color:#fff}.elementor-widget-text-editor.elementor-drop-cap-view-framed .elementor-drop-cap{color:#818a91;border:3px solid;background-color:transparent}.elementor-widget-text-editor:not(.elementor-drop-cap-view-default) .elementor-drop-cap{margin-top:8px}.elementor-widget-text-editor:not(.elementor-drop-cap-view-default) .elementor-drop-cap-letter{width:1em;height:1em}.elementor-widget-text-editor .elementor-drop-cap{float:left;text-align:center;line-height:1;font-size:50px}.elementor-widget-text-editor .elementor-drop-cap-letter{display:inline-block}<\/style>\t\t\t\t<p><b>Coppa<\/b>\u00a0Stagionata, denumit \u0219i ,,capocollo&#8221;, este un salam produs din mu\u0219chii de la g\u00e2tul porcului. Pentru prepararea sa sunt selectate cele mai slabe \u0219i gustoase p\u0103r\u021bi ale mu\u0219chiului, localizate \u00eentre cap \u0219i a patra coast\u0103 a jugului. Este ideal a se consuma \u00eempreun\u0103 cu legume proaspete \u0219i br\u00e2nzeturi.<\/p>\t\t\t\t\t\t<\/div>\n\t\t\t\t<\/div>\n\t\t\t\t<div class=\"elementor-element elementor-element-adb2e17 elementor-widget elementor-widget-text-editor\" data-id=\"adb2e17\" data-element_type=\"widget\" data-widget_type=\"text-editor.default\">\n\t\t\t\t<div class=\"elementor-widget-container\">\n\t\t\t\t\t\t\t<p>Gramaj: 100 gr \/ portie<\/p>\t\t\t\t\t\t<\/div>\n\t\t\t\t<\/div>\n\t\t\t\t<div class=\"elementor-element elementor-element-32b6e48 elementor-widget elementor-widget-text-editor\" data-id=\"32b6e48\" data-element_type=\"widget\" data-widget_type=\"text-editor.default\">\n\t\t\t\t<div class=\"elementor-widget-container\">\n\t\t\t\t\t\t\t<p>Pret: 12 lei \/ portie<\/p>\t\t\t\t\t\t<\/div>\n\t\t\t\t<\/div>\n\t\t\t\t<div class=\"elementor-element elementor-element-428e2b8 elementor-widget elementor-widget-text-editor\" data-id=\"428e2b8\" data-element_type=\"widget\" data-widget_type=\"text-editor.default\">\n\t\t\t\t<div class=\"elementor-widget-container\">\n\t\t\t\t\t\t\t<p>Alte informatii: &#8230;..<\/p>\t\t\t\t\t\t<\/div>\n\t\t\t\t<\/div>\n\t\t\t\t\t<\/div>\n\t\t<\/div>\n\t\t\t\t\t\t\t<\/div>\n\t\t<\/section>\n\t\t\t\t<section class=\"elementor-section elementor-top-section elementor-element elementor-element-291924c9 elementor-section-boxed elementor-section-height-default elementor-section-height-default\" data-id=\"291924c9\" data-element_type=\"section\">\n\t\t\t\t\t\t<div class=\"elementor-container elementor-column-gap-default\">\n\t\t\t\t\t<div class=\"elementor-column elementor-col-100 elementor-top-column elementor-element elementor-element-6da2282c\" data-id=\"6da2282c\" data-element_type=\"column\">\n\t\t\t<div class=\"elementor-widget-wrap elementor-element-populated\">\n\t\t\t\t\t\t\t\t<section class=\"elementor-section elementor-inner-section elementor-element elementor-element-19c4d332 elementor-section-boxed elementor-section-height-default elementor-section-height-default\" data-id=\"19c4d332\" data-element_type=\"section\">\n\t\t\t\t\t\t<div class=\"elementor-container elementor-column-gap-no\">\n\t\t\t\t\t<div class=\"elementor-column elementor-col-33 elementor-inner-column elementor-element elementor-element-54b91ac3\" data-id=\"54b91ac3\" data-element_type=\"column\">\n\t\t\t<div class=\"elementor-widget-wrap elementor-element-populated\">\n\t\t\t\t\t\t\t\t<div class=\"elementor-element elementor-element-9efcdf5 jkit-equal-height-disable elementor-widget elementor-widget-jkit_icon_box\" data-id=\"9efcdf5\" data-element_type=\"widget\" data-widget_type=\"jkit_icon_box.default\">\n\t\t\t\t<div class=\"elementor-widget-container\">\n\t\t\t<div class=\"jeg-elementor-kit jkit-icon-box icon-position- elementor-animation- jeg_module___69d0d185173d5\"><div class=\"jkit-icon-box-wrapper hover-from-bottom\"><div class=\"icon-box icon-box-header elementor-animation-float\"><div class=\"icon style-color\"><i aria-hidden=\"true\" class=\"jki jki-phone-outgoing-line\"><\/i><\/div><\/div><div class=\"icon-box icon-box-body\">\n                <h3 class=\"title\">Comanda prin telefon<\/h3><p class=\"icon-box-description\">Comanda la numarul de telefon 0775 536 855 si iti livram in cel mai scurt timp posibil<\/p>\n            <\/div>\n            \n            <\/div><\/div>\t\t<\/div>\n\t\t\t\t<\/div>\n\t\t\t\t\t<\/div>\n\t\t<\/div>\n\t\t\t\t<div class=\"elementor-column elementor-col-33 elementor-inner-column elementor-element elementor-element-3b7c5e64\" data-id=\"3b7c5e64\" data-element_type=\"column\">\n\t\t\t<div class=\"elementor-widget-wrap elementor-element-populated\">\n\t\t\t\t\t\t\t\t<div class=\"elementor-element elementor-element-c9e5e02 jkit-equal-height-disable elementor-widget elementor-widget-jkit_icon_box\" data-id=\"c9e5e02\" data-element_type=\"widget\" data-widget_type=\"jkit_icon_box.default\">\n\t\t\t\t<div class=\"elementor-widget-container\">\n\t\t\t<div class=\"jeg-elementor-kit jkit-icon-box icon-position- elementor-animation- jeg_module__1_69d0d1851ad80\"><div class=\"jkit-icon-box-wrapper hover-from-bottom\"><div class=\"icon-box icon-box-header elementor-animation-float\"><div class=\"icon style-color\"><i aria-hidden=\"true\" class=\"jki jki-home1-light\"><\/i><\/div><\/div><div class=\"icon-box icon-box-body\">\n                <h3 class=\"title\">Adresa noastra<\/h3><p class=\"icon-box-description\">Ne gasesti in Alba Iulia, Str. I.C. Bratianu nr. 2. Pentru rezervari te rugam sa ne contactezi din timp<\/p>\n            <\/div>\n            \n            <\/div><\/div>\t\t<\/div>\n\t\t\t\t<\/div>\n\t\t\t\t\t<\/div>\n\t\t<\/div>\n\t\t\t\t<div class=\"elementor-column elementor-col-33 elementor-inner-column elementor-element elementor-element-6e64f1fa\" data-id=\"6e64f1fa\" data-element_type=\"column\">\n\t\t\t<div class=\"elementor-widget-wrap elementor-element-populated\">\n\t\t\t\t\t\t\t\t<div class=\"elementor-element elementor-element-3b35317e jkit-equal-height-disable elementor-widget elementor-widget-jkit_icon_box\" data-id=\"3b35317e\" data-element_type=\"widget\" data-widget_type=\"jkit_icon_box.default\">\n\t\t\t\t<div class=\"elementor-widget-container\">\n\t\t\t<div class=\"jeg-elementor-kit jkit-icon-box icon-position- elementor-animation- jeg_module__2_69d0d1851e283\"><div class=\"jkit-icon-box-wrapper hover-from-bottom\"><div class=\"icon-box icon-box-header elementor-animation-float\"><div class=\"icon style-color\"><i aria-hidden=\"true\" class=\"jki jki-email-light\"><\/i><\/div><\/div><div class=\"icon-box icon-box-body\">\n                <h3 class=\"title\">E-mail<\/h3><p class=\"icon-box-description\">Iti este mai simplu sa ne scrii prin e-mail? O poti face la adresa contact@casadelsole.com.ro<\/p>\n            <\/div>\n            \n            <\/div><\/div>\t\t<\/div>\n\t\t\t\t<\/div>\n\t\t\t\t\t<\/div>\n\t\t<\/div>\n\t\t\t\t\t\t\t<\/div>\n\t\t<\/section>\n\t\t\t\t\t<\/div>\n\t\t<\/div>\n\t\t\t\t\t\t\t<\/div>\n\t\t<\/section>\n\t\t\t\t\t\t\t<\/div>\n\t\t","protected":false},"excerpt":{"rendered":"<p>Coppa MEZELURI &#8211; COPPA Coppa\u00a0Stagionata, denumit \u0219i ,,capocollo&#8221;, este un salam produs din mu\u0219chii de la g\u00e2tul porcului. Pentru prepararea sa sunt selectate cele mai slabe \u0219i gustoase p\u0103r\u021bi ale mu\u0219chiului, localizate \u00eentre cap \u0219i a patra coast\u0103 a jugului. Este ideal a se consuma \u00eempreun\u0103 cu legume proaspete \u0219i br\u00e2nzeturi. Gramaj: 100 gr \/ [&hellip;]<\/p>\n","protected":false},"author":1,"featured_media":0,"parent":0,"menu_order":0,"comment_status":"closed","ping_status":"closed","template":"elementor_header_footer","meta":{"footnotes":""},"class_list":["post-78","page","type-page","status-publish","hentry"],"_links":{"self":[{"href":"https:\/\/casadelsole.com.ro\/meniu\/wp-json\/wp\/v2\/pages\/78","targetHints":{"allow":["GET"]}}],"collection":[{"href":"https:\/\/casadelsole.com.ro\/meniu\/wp-json\/wp\/v2\/pages"}],"about":[{"href":"https:\/\/casadelsole.com.ro\/meniu\/wp-json\/wp\/v2\/types\/page"}],"author":[{"embeddable":true,"href":"https:\/\/casadelsole.com.ro\/meniu\/wp-json\/wp\/v2\/users\/1"}],"replies":[{"embeddable":true,"href":"https:\/\/casadelsole.com.ro\/meniu\/wp-json\/wp\/v2\/comments?post=78"}],"version-history":[{"count":10,"href":"https:\/\/casadelsole.com.ro\/meniu\/wp-json\/wp\/v2\/pages\/78\/revisions"}],"predecessor-version":[{"id":105,"href":"https:\/\/casadelsole.com.ro\/meniu\/wp-json\/wp\/v2\/pages\/78\/revisions\/105"}],"wp:attachment":[{"href":"https:\/\/casadelsole.com.ro\/meniu\/wp-json\/wp\/v2\/media?parent=78"}],"curies":[{"name":"wp","href":"https:\/\/api.w.org\/{rel}","templated":true}]}}